{"id":94,"date":"2012-03-13T19:31:58","date_gmt":"2012-03-14T02:31:58","guid":{"rendered":"http:\/\/www.cotari.org\/wp\/?page_id=94"},"modified":"2020-03-19T16:41:32","modified_gmt":"2020-03-19T23:41:32","slug":"donate","status":"publish","type":"page","link":"https:\/\/www.cotari.org\/sp\/donate\/","title":{"rendered":"Donar"},"content":{"rendered":"<p><span style=\"font-family: inherit, serif;\"><span style=\"font-size: medium;\"><span lang=\"es-MX\"><span style=\"color: #373737;\">Cotari es una organizaci\u00f3n sin \u00e1nimo de lucro bajo IRS c\u00f3digo 501 (c) (3) y tiene estado caridad p\u00fablica bajo el c\u00f3digo IRS 170 (b) (1) (A) (vi), y recibi\u00f3 el estado de exenci\u00f3n de impuestos.&nbsp;Del mismo modo, tambi\u00e9n recibi\u00f3 el estatus de exenci\u00f3n de impuestos de California Franchise Tax Board (FTB) bajo California C\u00f3digo de Ingresos e Impuestos 23701d.&nbsp;Cotari se clasifica como una organizaci\u00f3n que hace la investigaci\u00f3n religiosa.<\/span><\/span><\/span><\/span><\/p>\n<p><span style=\"font-family: inherit, serif;\"><span style=\"font-size: medium;\"><span lang=\"es-MX\"><span style=\"color: #373737;\">Nosotros, en Cotari, creemos que llegar a las personas de otras religiones y persuadirles a venir a Jesucristo con el evangelio es el m\u00e1s importante \u00faltimo paso en el cumplimiento de la Gran Comisi\u00f3n.&nbsp;Sin embargo, en todo el mundo, el cristianismo tiene grandes dificultades para penetrar en los pa\u00edses dominados por los llamados grandes religiones del mundo.&nbsp;Podemos ver esto en los pa\u00edses isl\u00e1micos, la India, los pa\u00edses del sudeste asi\u00e1tico donde est\u00e1 dominado budismo, e incluso en los pa\u00edses libres, como Jap\u00f3n y Taiw\u00e1n, donde nada puede detener a los misioneros cristianos de evangelizar a la gente all\u00ed.&nbsp;Aqu\u00ed es un dilema desconcertante: los cristianos se esfuerzan en evangelizar a las personas en esas zonas, pero la mayor\u00eda de las personas no est\u00e1n dispuestos a escuchar los mensajes cristianos.&nbsp;\u00bfPor qu\u00e9?&nbsp;\u00bfPor qu\u00e9 misionero tras misionero no puede llegar a los pueblos de otras religiones?&nbsp;\u00bfPor qu\u00e9 los m\u00e9todos convencionales de la evangelizaci\u00f3n y la misi\u00f3n no pueden entregar el mensaje del amor de Dios a estos pueblos?&nbsp;Por esta raz\u00f3n fue fundada Cotari en 2010. Tenemos que averiguar cu\u00e1les m\u00e9todos podr\u00edan atraer a las personas de otras religiones.&nbsp;Cotari est\u00e1 realizando investigaciones para encontrar los enfoques apropiados para llegar a las personas de otras religiones.&nbsp;Para este prop\u00f3sito, Cotari tiene la intenci\u00f3n de proporcionar interpretaciones de las escrituras de otras religiones a trav\u00e9s de la Biblia, y la realizaci\u00f3n de seminarios para analizar estos resultados de investigaci\u00f3n, por mencionar un par de proyectos Cotari.&nbsp;Para llevar a cabo estos proyectos, se necesitan recursos.&nbsp;<\/span><\/span><\/span><\/span><\/p>\n<p><span style=\"font-family: inherit, serif;\"><span style=\"font-size: medium;\"><span lang=\"es-MX\"><span style=\"color: #373737;\">Ahora le pedimos que considere apoyar los esfuerzos de Cotari.&nbsp;Por supuesto, usted no tiene ninguna obligaci\u00f3n de hacerlo a menos que sienta que desea ayudar a Cotari en tu coraz\u00f3n.&nbsp;En lo personal, me sent\u00ed que mi vida se purific\u00f3 cada vez que leo la Palabra de Dios y me sent\u00ed alegr\u00eda en mi coraz\u00f3n cada vez que trabaj\u00e9 para el Se\u00f1or.&nbsp;El Se\u00f1or me dio la misi\u00f3n de la vida para llegar a los pueblos de otras religiones.&nbsp;No puedo olvidar la voz que he o\u00eddo y la visi\u00f3n me mostr\u00f3!&nbsp;El ministerio que tengo a trav\u00e9s Cotari me da alegr\u00eda en mi vida.<\/span><\/span><\/span><\/span><\/p>\n<p><span style=\"font-family: inherit, serif;\"><span style=\"font-size: medium;\"><span lang=\"es-MX\"><span style=\"color: #373737;\">Si usted tiene alguna pregunta sobre Cotari relaci\u00f3n con el trabajo que hacemos y la forma de manejar las cosas para hacer el trabajo del Se\u00f1or, por favor,&nbsp;&nbsp;<\/span><\/span><\/span><\/span><span style=\"color: #1982d1;\"><span style=\"font-family: inherit, serif;\"><span style=\"font-size: medium;\"><span lang=\"es-MX\"><u><a href=\"http:\/\/www.cotari.org\/contact\/\">p\u00f3ngase en contacto con nosotros<\/a><\/u><\/span><\/span><\/span><\/span><span style=\"font-family: inherit, serif;\"><span style=\"font-size: medium;\"><span lang=\"es-MX\"><span style=\"color: #373737;\"> .&nbsp;<\/span><\/span><\/span><\/span> <span style=\"font-family: inherit, serif;\"><span style=\"font-size: medium;\"><span lang=\"es-MX\"><span style=\"color: #373737;\">Estamos m\u00e1s que encantados de darle respuestas a cualquier pregunta que pueda tener.&nbsp;Creemos que Dios trabaja a trav\u00e9s de la naturaleza, as\u00ed como las personas.&nbsp;<\/span><\/span><\/span><\/span><span style=\"font-family: inherit, serif;\"><span style=\"font-size: medium;\"><span lang=\"es-MX\"><span style=\"color: #373737;\">Cuando usted se decide apoyar o trabajar con Cotari, sabr\u00edamos que Dios est\u00e1 trabajando a trav\u00e9s de usted.&nbsp;<\/span><\/span><\/span><\/span><span style=\"font-family: inherit, serif;\"><span style=\"font-size: medium;\"><span lang=\"es-MX\"><span style=\"color: #373737;\">Queremos compartir con ustedes la alegr\u00eda que tenemos en nuestros corazones.<\/span><\/span><\/span><\/span><\/p>\n<table width=\"100%\" cellspacing=\"0\" cellpadding=\"0\" align=\"center\">\n<tbody>\n<tr>\n<td align=\"left\" width=\"40%\"><span style=\"font-size: medium;\"><span lang=\"es-MX\"><span style=\"font-family: inherit, serif;\">Para hacer una donaci\u00f3n con un cheque personal, por correo a:<\/span><\/span><\/span><\/p>\n<pre>COTARI\nP O Box 262\nGilroy, CA 95021<\/pre>\n<\/td>\n<td align=\"left\" valign=\"top\" width=\"30%\"><span style=\"font-size: medium;\"><span lang=\"es-MX\"><span style=\"font-family: inherit, serif;\">Para donar en persona, por favor entregar su dinero en efectivo o cheque a un miembro del personal Cotari.<\/span><\/span><\/span><\/td>\n<td width=\"30%\"><span style=\"font-size: medium;\"><span lang=\"es-MX\"><span style=\"font-family: inherit, serif;\">Para donar con tarjeta de cr\u00e9dito o PayPal:<\/span><\/span><\/span><\/p>\n<p><a href=\"https:\/\/www.paypal.com\/cgi-bin\/webscr?cmd=_s-xclick&amp;hosted_button_id=PHPL42UEKEXN8\">&nbsp;<img loading=\"lazy\" decoding=\"async\" style=\"border: 0px;\" src=\"\/images\/PayPalDonate.gif\" alt=\"Donate by PayPal\" width=\"147\" height=\"47\" border=\"0\"><\/a><\/td>\n<\/tr>\n<\/tbody>\n<\/table>\n","protected":false},"excerpt":{"rendered":"<p>Cotari es una organizaci\u00f3n sin \u00e1nimo de lucro bajo IRS c\u00f3digo 501 (c) (3) y tiene estado caridad p\u00fablica bajo el c\u00f3digo IRS 170 (b) (1) (A) (vi), y recibi\u00f3 el estado de exenci\u00f3n de impuestos.&nbsp;Del mismo modo, tambi\u00e9n recibi\u00f3 &hellip; <a href=\"https:\/\/www.cotari.org\/sp\/donate\/\">Continue reading <span class=\"meta-nav\">&rarr;<\/span><\/a><\/p>\n","protected":false},"author":2,"featured_media":0,"parent":0,"menu_order":0,"comment_status":"open","ping_status":"open","template":"","meta":{"footnotes":""},"class_list":["post-94","page","type-page","status-publish","hentry"],"_links":{"self":[{"href":"https:\/\/www.cotari.org\/sp\/wp-json\/wp\/v2\/pages\/94","targetHints":{"allow":["GET"]}}],"collection":[{"href":"https:\/\/www.cotari.org\/sp\/wp-json\/wp\/v2\/pages"}],"about":[{"href":"https:\/\/www.cotari.org\/sp\/wp-json\/wp\/v2\/types\/page"}],"author":[{"embeddable":true,"href":"https:\/\/www.cotari.org\/sp\/wp-json\/wp\/v2\/users\/2"}],"replies":[{"embeddable":true,"href":"https:\/\/www.cotari.org\/sp\/wp-json\/wp\/v2\/comments?post=94"}],"version-history":[{"count":3,"href":"https:\/\/www.cotari.org\/sp\/wp-json\/wp\/v2\/pages\/94\/revisions"}],"predecessor-version":[{"id":725,"href":"https:\/\/www.cotari.org\/sp\/wp-json\/wp\/v2\/pages\/94\/revisions\/725"}],"wp:attachment":[{"href":"https:\/\/www.cotari.org\/sp\/wp-json\/wp\/v2\/media?parent=94"}],"curies":[{"name":"wp","href":"https:\/\/api.w.org\/{rel}","templated":true}]}}