{"id":75,"date":"2012-03-13T19:07:55","date_gmt":"2012-03-14T02:07:55","guid":{"rendered":"http:\/\/www.cotari.org\/wp\/?page_id=75"},"modified":"2020-02-21T15:15:39","modified_gmt":"2020-02-21T23:15:39","slug":"why-cotari","status":"publish","type":"page","link":"https:\/\/www.cotari.org\/sp\/about\/why-cotari\/","title":{"rendered":"\u00bfQu\u00e9 COTARI?"},"content":{"rendered":"<p>Mucha gente podr\u00eda preguntarse por qu\u00e9 necesitamos otra organizaci\u00f3n misionera cuando hay tantos de ellos ya.\u00a0A continuaci\u00f3n explicamos por qu\u00e9 necesitamos una nueva organizaci\u00f3n misionera como Cotari.<\/p>\n<p>Nosotros, en Cotari, creemos que el m\u00e1s importante \u00faltimo paso en el cumplimiento de la Gran Comisi\u00f3n es llegar a las personas de otras religiones y persuadirles a venir a Jesucristo con el evangelio.\u00a0Sin embargo, en todo el mundo, el cristianismo tiene grandes dificultades para penetrar en los pa\u00edses dominados por los llamados grandes religiones del mundo.\u00a0Podemos ver esto en los pa\u00edses isl\u00e1micos, la India, los pa\u00edses del asi\u00e1tico sudeste donde domina el budismo, e incluso en los pa\u00edses libres, como Jap\u00f3n y Taiw\u00e1n, donde aunque nada puede detener a los misioneros cristianos de evangelizar a la gente all\u00ed, es muy dif\u00edcil.\u00a0Aqu\u00ed es un dilema desconcertante: los cristianos se esfuerzan en evangelizar a las personas en esas zonas, pero la mayor\u00eda de las personas no est\u00e1n dispuestos a escuchar los mensajes cristianos.\u00a0\u00bfPor qu\u00e9?\u00a0\u00bfPor qu\u00e9 es que misionero tras misionero no puede convencer a los pueblos de otras religiones?\u00a0\u00bfPor qu\u00e9 los m\u00e9todos convencionales de evangelizaci\u00f3n no pueden entregar el mensaje del amor de Dios a estos pueblos?\u00a0Hacer investigaci\u00f3n en esta \u00e1rea es la primera raz\u00f3n porque fue fundada COTARI en el a\u00f1o 2010. La segunda raz\u00f3n es la necesidad de Cotari de proporcionar una formaci\u00f3n pr\u00e1ctica de evangelismo a los cristianos, porque la iglesia occidental est\u00e1 disminuyendo debido a la falta de evangelismo por los cristianos.<\/p>\n<p>El Fundador describe sus\u00a0propias\u00a0experiencias personales y observaciones a continuaci\u00f3n en apoyo de las causas anteriores.<\/p>\n<p>He participado en una decena de misiones de corta duraci\u00f3n, visitando varios pa\u00edses diferentes de per\u00edodos de tiempo de uno a cuatro semanas.\u00a0Tambi\u00e9n estudi\u00e9 misionolog\u00eda, un estudio sobre la forma de hacer las misiones cristianas.\u00a0Despu\u00e9s de 32 a\u00f1os de servicio como ingeniero en una gran empresa industrial, estudi\u00e9 el grado de Maestr\u00eda en Divinidad (M. Div.) en un seminario y soy un ministro ordenado.\u00a0\u00bfQu\u00e9 he aprendido de estas experiencias?\u00a0\u00bfQu\u00e9 puedo contribuir al cristianismo?\u00a0He observado dos tendencias en el cristianismo de hoy.\u00a0Una de ellas es que de alguna manera el cristianismo no ha penetrado sustancialmente en aquellos pa\u00edses donde domina uno de los llamados grandes religiones del mundo.\u00a0Las poblaciones cristianas en estos pa\u00edses consisten en uno a dos por ciento o menos, a pesar de muchos cientos de a\u00f1os de esfuerzos misioneros.\u00a0Esto es cierto para todos los pa\u00edses musulmanes, para la India,\u00a0para los pa\u00edses budistas en el sudeste de Asia, e incluso para Jap\u00f3n y Taiw\u00e1n.\u00a0A veces, la gente culpa a las barreras pol\u00edticas y sociales del fracaso de evangelizar a estos pa\u00edses.\u00a0Pero \u00bfc\u00f3mo puede ser cierto en Jap\u00f3n y Taiw\u00e1n?\u00a0No hay nada que un misionero no puede hacer en esos pa\u00edses.\u00a0Por lo tanto, las barreras pol\u00edticas no pueden ser la raz\u00f3n que el cristianismo no ha penetrado en estos pa\u00edses.\u00a0Se podr\u00edan culpar a las barreras sociales en Jap\u00f3n y Taiw\u00e1n.\u00a0Sin embargo, China, Corea del Sur y algunos pa\u00edses de Am\u00e9rica del Sur o los pa\u00edses africanos tienen las mismas o peores barreras sociales que Jap\u00f3n o Taiw\u00e1n tiene, pero est\u00e1n llenas de cristianos, a pesar de sus barreras pol\u00edticas y sociales.\u00a0Esto claramente muestra que las barreras pol\u00edticas o sociales no pod\u00edan ser la culpa del fracaso de las misiones cristianas en los pa\u00edses dominados por las grandes religiones del mundo.\u00a0Esta imagen no encaja bien con la geogr\u00e1fica de \u201cla ventana 10-40\u201d tampoco.\u00a0Este descripci\u00f3n geogr\u00e1fica proporciona una imagen aproximada de la geograf\u00eda, pero no explica por qu\u00e9 estas regiones no son evangelizados.\u00a0La verdadera raz\u00f3n es que contienen una de estas grandes religiones.\u00a0Esto me llev\u00f3 a pensar que las estrategias que los misioneros modernos est\u00e1n utilizando no han de ser las mismas que utilizaron Jesucristo o el ap\u00f3stol Pablo.\u00a0No puedo olvidar la imagen panor\u00e1mica de 4,8 mil millones de personas de otras religiones que el Se\u00f1or me mostr\u00f3 hace a\u00f1os en 1997 que \u00e9l quiere que yo evangelice. Pocas organizaciones misioneras hacen investigaci\u00f3n en esta \u00e1rea.\u00a0Si seguimos fallando, no podemos tener \u00e9xito a menos si cambiemos nuestras estrategias.\u00a0Hacer investigaci\u00f3n en las estrategias de la misi\u00f3n de evangelizar a los pueblos de otras religiones fue la primera raz\u00f3n por la que fund\u00e9 a COTARI en 2010.<\/p>\n<p>La otra tendencia que se observa es que muy pocos cristianos hacen evangelismo.\u00a0Por otra parte, pocos pastores hacen evangelismo.\u00a0Los pastores parecen ser ignorantes acerca de los conocimientos pr\u00e1cticos sobre c\u00f3mo hacer evangelismo, y como consecuencia de ello no ense\u00f1an a sus congregaciones acerca de esto.\u00a0Esto se debe a que los seminarios no ense\u00f1an acerca de los aspectos pr\u00e1cticos de la evangelizaci\u00f3n.\u00a0Cuando yo estaba asistiendo a seminario, s\u00f3lo ten\u00edan una clase de dos unidades que ense\u00f1aba tanto el evangelismo y la apolog\u00e9tica juntos en todo el plan de estudios de tres a\u00f1os para mi licenciatura de M. Div.\u00a0\u00a0Hacer evangelismo es una comisi\u00f3n (Mat. 28: 18-20), pero dicen que la evangelizaci\u00f3n es un don y debe ser realizado por las pocas personas que est\u00e1n dotados.\u00a0Esto a menudo se deriva por la mala interpretaci\u00f3n de \u201cevangelistas\u201d en Ef.\u00a004:11.\u00a0Los evangelistas en Ef.\u00a04:11 se refieren a una categor\u00eda de funciones en la iglesia, y se parecen m\u00e1s a los misioneros en la actualidad.\u00a0Por ejemplo,\u00a0Felipe en Hechos 8 se llama un evangelista en Hechos 21: 8.\u00a0Todo cristiano est\u00e1 llamado a evangelizar, y es su comisi\u00f3n, o un mandato de nuestro Se\u00f1or Jesucristo. La respuesta natural del cristiano debe ser seguir este plan de salvaci\u00f3n divino para nuestra humanidad.\u00a0Su plan de salvaci\u00f3n se expresa en toda la Biblia, comenzando en G\u00e9nesis 3:15 (proto-evangelismo) y G\u00e9nesis 12: 1-3 ( El Pacto de Abraham) y continua a Rev. 7: 9-12 (alabanza al Cordero y Dios en el tiempo final por todos los pueblos).\u00a0La mayor\u00eda de los cristianos en la Iglesia Occidental est\u00e1n contentos con que est\u00e1n bien y se preocupan principalmente por su propio bienestar.\u00a0Se est\u00e1n convirtiendo en gente como los judios antes del exilio que sufrieron tras la ca\u00edda del Norte y del Sur Reinos del antiguo Israel.\u00a0La Iglesia occidental est\u00e1 disminuyendo por este motivo.\u00a0Sent\u00ed una fuerte necesidad de ense\u00f1ar lo que la evangelizaci\u00f3n debe ser de acuerdo a la Biblia, y ense\u00f1ar a los aspectos pr\u00e1cticos de la evangelizaci\u00f3n a los cristianos, a fin de revertir la tendencia decreciente de la Iglesia occidental.\u00a0Esta es la segunda raz\u00f3n por la que fund\u00e9 COTARI.<\/p>\n<p>Creo que el Se\u00f1or ha estado con nosotros en COTARI desde el principio, y que seguir\u00e1 siendo con nosotros y nos gu\u00eda para lograr sus prop\u00f3sitos de su Reino.\u00a0Que todo nuestro esfuerzo sea a\u00f1adido favorablemente para su gloria!\u00a0Am\u00e9n.<\/p>\n<p>por Frank Hwang Choe, Presidente y Fundador, COTARI<br \/>\nextraido de nuestro primer bolet\u00edn<\/p>\n","protected":false},"excerpt":{"rendered":"<p>Mucha gente podr\u00eda preguntarse por qu\u00e9 necesitamos otra organizaci\u00f3n misionera cuando hay tantos de ellos ya.\u00a0A continuaci\u00f3n explicamos por qu\u00e9 necesitamos una nueva organizaci\u00f3n misionera como Cotari. Nosotros, en Cotari, creemos que el m\u00e1s importante \u00faltimo paso en el cumplimiento &hellip; <a href=\"https:\/\/www.cotari.org\/sp\/about\/why-cotari\/\">Continue reading <span class=\"meta-nav\">&rarr;<\/span><\/a><\/p>\n","protected":false},"author":2,"featured_media":0,"parent":626,"menu_order":0,"comment_status":"open","ping_status":"open","template":"","meta":{"footnotes":""},"class_list":["post-75","page","type-page","status-publish","hentry"],"_links":{"self":[{"href":"https:\/\/www.cotari.org\/sp\/wp-json\/wp\/v2\/pages\/75","targetHints":{"allow":["GET"]}}],"collection":[{"href":"https:\/\/www.cotari.org\/sp\/wp-json\/wp\/v2\/pages"}],"about":[{"href":"https:\/\/www.cotari.org\/sp\/wp-json\/wp\/v2\/types\/page"}],"author":[{"embeddable":true,"href":"https:\/\/www.cotari.org\/sp\/wp-json\/wp\/v2\/users\/2"}],"replies":[{"embeddable":true,"href":"https:\/\/www.cotari.org\/sp\/wp-json\/wp\/v2\/comments?post=75"}],"version-history":[{"count":2,"href":"https:\/\/www.cotari.org\/sp\/wp-json\/wp\/v2\/pages\/75\/revisions"}],"predecessor-version":[{"id":700,"href":"https:\/\/www.cotari.org\/sp\/wp-json\/wp\/v2\/pages\/75\/revisions\/700"}],"up":[{"embeddable":true,"href":"https:\/\/www.cotari.org\/sp\/wp-json\/wp\/v2\/pages\/626"}],"wp:attachment":[{"href":"https:\/\/www.cotari.org\/sp\/wp-json\/wp\/v2\/media?parent=75"}],"curies":[{"name":"wp","href":"https:\/\/api.w.org\/{rel}","templated":true}]}}