{"id":659,"date":"2019-01-15T21:13:19","date_gmt":"2019-01-15T21:13:19","guid":{"rendered":"http:\/\/www.cotari.org\/sp\/?page_id=659"},"modified":"2020-02-21T15:18:28","modified_gmt":"2020-02-21T23:18:28","slug":"659-2","status":"publish","type":"page","link":"https:\/\/www.cotari.org\/sp\/659-2\/","title":{"rendered":"Bienvenido"},"content":{"rendered":"\n<p><\/p>\n\n\n<p><a href=\"http:\/\/www.amazon.com\/Grafted-onto-Olive-Tree-Cross-Religious\/dp\/1482635186\/\"><img loading=\"lazy\" decoding=\"async\" class=\"alignright size-full wp-image-438\" src=\"https:\/\/www.cotari.org\/sp\/wp-content\/uploads\/2012\/06\/RomansBookCover.png\" alt=\"Romans book cover\" width=\"150\" height=\"212\"><\/a><em>Cristianos apasionados de su fe quieren compartirla con todo el mundo, especialmente para llegar a los pueblos de otras religiones. Queremos ayudar a los cristianos poner en pr\u00e1ctica ese deseo.<\/em><\/p>\n<p>We offer:<\/p>\n<ul>\n<li><a href=\"\/sp\/research\/\">Investigamos<\/a> para comprender otras religiones y c\u00f3mo podemos utilizarlas para las misiones y la evangelizaci\u00f3n cristiana<\/li>\n<li><a href=\"\/sp\/evangelism-training\/\">servicios que ofrecemos<\/a> relacionados con las misiones y la evangelizaci\u00f3n\n<ul>\n<li><a href=\"\/sp\/services-we-offer\/prayer-outreach\">Nuestra Oraci\u00f3n<\/a> a todos<\/li>\n<li><a href=\"\/sp\/evangelism-training\/#missiontraining\">Capacitaci\u00f3n para misiones<\/a><\/li>\n<li><a href=\"\/sp\/services-we-offer\/reach-out-to-muslims\">Alcanzar a los musulmanes<\/a><\/li>\n<li><a href=\"\/sp\/evangelism-training\/#evangelismguide\">Gu\u00eda pr\u00e1ctica para la Evangelizaci\u00f3n<\/a><\/li>\n<\/ul>\n<\/li>\n<li>un canal para el <a href=\"\/sp\/dialog\/\">dialogo<\/a> entre las personas interesadas en el tema<\/li>\n<\/ul>\n<p>Te invitamos a explorar este sitio para aprender lo que se trata. Entonces ver si desea aprovechar de la obra que ya hemos hecho, o asociarse con nosotros en nuestro trabajo futuro.<\/p>\n<h2><a href=\"\/info\/Micki\/COTARI_Remebering_Micki_2015_Spanish.pdf\">Homenaje a Micki<\/a><\/h2>\n<table>\n<tbody>\n<tr>\n<td width=\"60%\">\n<ul>\n<li><a href=\"\/sp\/about\/why-cotari\">\u00bfPor Qu\u00e9 COTARI?<\/a><\/li>\n<li><a href=\"\/sp\/about\/newsletters\">Boletines<\/a><\/li>\n<li><a href=\"\/sp\/about\/founder\">Fundador<\/a>\n<ul>\n<li><a href=\"\/founder\/ConversionTestimonySpanish.pdf\">C\u00f3mo me Convert\u00ed en Christiano<\/a><\/li>\n<li><a href=\"\/founder\/CallingTestimony.pdf\">C\u00f3mo He Recibido mi Llamado Personal<\/a><\/li>\n<\/ul>\n<\/li>\n<\/ul>\n<\/td>\n<td width=\"40%\">\n<ul>\n<li><a href=\"\/sp\/research\/#why\">Por Qu\u00e9 hacemos investigaci\u00f3n<\/a><\/li>\n<li><a href=\"\/sp\/research\/#short\">Los Proyectos a Corto Plazo<\/a><\/li>\n<li><a href=\"\/sp\/research\/#long\">Los Proyectos a Largo Plazo<\/a><\/li>\n<li><a href=\"\/sp\/research\/related-resources\">Recursos Relacionados<\/a><\/li>\n<\/ul>\n<\/td>\n<\/tr>\n<\/tbody>\n<\/table><!--\n<h2>Most Recent Facebook Posts<\/h2>\n<p>[custom-facebook-feed]<\/p>-->","protected":false},"excerpt":{"rendered":"<p>Cristianos apasionados de su fe quieren compartirla con todo el mundo, especialmente para llegar a los pueblos de otras religiones. Queremos ayudar a los cristianos poner en pr\u00e1ctica ese deseo. We offer: Investigamos para comprender otras religiones y c\u00f3mo podemos &hellip; <a href=\"https:\/\/www.cotari.org\/sp\/659-2\/\">Continue reading <span class=\"meta-nav\">&rarr;<\/span><\/a><\/p>\n","protected":false},"author":1,"featured_media":0,"parent":0,"menu_order":0,"comment_status":"closed","ping_status":"closed","template":"","meta":{"footnotes":""},"class_list":["post-659","page","type-page","status-publish","hentry"],"_links":{"self":[{"href":"https:\/\/www.cotari.org\/sp\/wp-json\/wp\/v2\/pages\/659","targetHints":{"allow":["GET"]}}],"collection":[{"href":"https:\/\/www.cotari.org\/sp\/wp-json\/wp\/v2\/pages"}],"about":[{"href":"https:\/\/www.cotari.org\/sp\/wp-json\/wp\/v2\/types\/page"}],"author":[{"embeddable":true,"href":"https:\/\/www.cotari.org\/sp\/wp-json\/wp\/v2\/users\/1"}],"replies":[{"embeddable":true,"href":"https:\/\/www.cotari.org\/sp\/wp-json\/wp\/v2\/comments?post=659"}],"version-history":[{"count":5,"href":"https:\/\/www.cotari.org\/sp\/wp-json\/wp\/v2\/pages\/659\/revisions"}],"predecessor-version":[{"id":702,"href":"https:\/\/www.cotari.org\/sp\/wp-json\/wp\/v2\/pages\/659\/revisions\/702"}],"wp:attachment":[{"href":"https:\/\/www.cotari.org\/sp\/wp-json\/wp\/v2\/media?parent=659"}],"curies":[{"name":"wp","href":"https:\/\/api.w.org\/{rel}","templated":true}]}}