{"id":626,"date":"2009-07-20T10:32:11","date_gmt":"2009-07-20T17:32:11","guid":{"rendered":"http:\/\/geekroots.com\/wordpress\/?page_id=2"},"modified":"2020-02-22T11:03:43","modified_gmt":"2020-02-22T19:03:43","slug":"about","status":"publish","type":"page","link":"https:\/\/www.cotari.org\/sp\/about\/","title":{"rendered":"Sobre Nosotros"},"content":{"rendered":"<h2>Visi\u00f3n<\/h2>\n<p>\u201cInstituto de Alcance, Capacitaci\u00f3n e Investigaci\u00f3n Cristiano\u201d, Incorporado, de aqu\u00ed en adelante conocido como Cotari, es una organizaci\u00f3n sin fines de lucro, no sectaria, inter-denominacional, cristiano que proporciona formaci\u00f3n e investigaci\u00f3n afiliado en las \u00e1reas de evangelismo y misiones a los miembros laicos, ministros de iglesias, y para misoneros de corto plazo y largo plazo. Especial \u00e9nfasis se colocar\u00e1 en la b\u00fasqueda de formas de llegar a los pueblos de otras religiones &#8211; Peoples Identically Loved by God &amp; to be Reclaimed In Mercy (PILGRIMs), Gente Igualmente Amado por Dios para ser Reclamados en Misericordia (Peregrinos) y conducirlos al Se\u00f1or. La visi\u00f3n de Cotari es difundir el Evangelio de Jesucristo a todos los peregrinos, la \u00faltima frontera para el evangelismo y misiones antes del regreso de Jesucristo, y preparar al mundo para el regreso de Jesucristo. Los peregrinos son los \u00faltimos pueblos de la resistencia al Evangelio mundial debido a sus religiones o culturas anteriores.<\/p>\n<p>Aprende acerca de nuestro fundador en nuestra <a href=\"https:\/\/www.cotari.org\/sp\/about\/founder\/\">esquina del Fundador<\/a>.<\/p>\n<p>Nuestras \u00e1reas de esfuerzo son <a href=\"https:\/\/www.cotari.org\/sp\/research\/\">la investigaci\u00f3n<\/a>, <a href=\"https:\/\/www.cotari.org\/sp\/evangelism-training\/\">la formaci\u00f3n<\/a>, y <a href=\"https:\/\/www.cotari.org\/sp\/dialog\/\">de di\u00e1logo con uste<\/a>.<\/p>\n<h2>\u00bfPor qu\u00e9 Cotari?<\/h2>\n<p>Mucha gente podr\u00eda preguntarse por qu\u00e9 necesitamos otra organizaci\u00f3n misi\u00f3n cuando hay tantos de ellos ya. A continuaci\u00f3n explicamos por qu\u00e9 necesitamos una nueva organizaci\u00f3n como misi\u00f3n Cotari.<br \/>\nNosotros, en Cotari, creemos que para llegar a las personas de otras religiones y persuadirlas a venir a Jesucristo con el Evangelio es el \u00faltimo paso m\u00e1s importante en el cumplimiento de la Gran Comisi\u00f3n. Sin embargo, en todo el mundo, el cristianismo tiene grandes dificultades para penetrar en los pa\u00edses dominados por los llamados grandes religiones del mundo. Podemos ver esto en los pa\u00edses isl\u00e1micos, la India, los pa\u00edses del Sudeste Asi\u00e1tico, donde est\u00e1 dominado por el budismo, e incluso en los pa\u00edses libres, como Jap\u00f3n y Taiw\u00e1n, donde nada puede detener a los misioneros cristianos de evangelizar a la gente all\u00ed. Aqu\u00ed es un dilema desconcertante: los cristianos se esfuerzan en evangelizar a las personas en esas zonas, pero la mayor\u00eda de las personas no est\u00e1n dispuestos a escuchar los mensajes cristianos. \u00bfPor qu\u00e9? \u00bfPor qu\u00e9 misioneros tras misioneros no pueden convencer a los pueblos de otras religiones? \u00bfPor qu\u00e9 los m\u00e9todos convencionales de la evangelizaci\u00f3n y la misi\u00f3n no pueden entregar el mensaje del amor de Dios a estos pueblos? Hacer investigaci\u00f3n en esta \u00e1rea es la primera raz\u00f3n por la fundaci\u00f3n de Cotari en el a\u00f1o 2010. La segunda raz\u00f3n de la necesidad de Cotari es proporcionar una formaci\u00f3n pr\u00e1ctica de evangelismo a los cristianos, porque la iglesia occidental est\u00e1 disminuyendo debido a la falta de evangelismo por los cristianos.<\/p>\n<p>El Fundador describe sus propias experiencias personales y observaciones a continuaci\u00f3n en apoyo de las causas anteriores. <a href=\"https:\/\/www.cotari.org\/sp\/about\/founder\/\">&#8230; m\u00e1s<\/a><\/p>\n<h2>C\u00f3mo trabaja Nuestra organizaci\u00f3n<\/h2>\n<p>Cotari tiene el Consejo de Administraci\u00f3n que proporciona la direcci\u00f3n para nuestras operaciones y todas nuestras actividades. El presidente y su equipo llevan a cabo actividades dirigidas a la consecuci\u00f3n de sus objetivos. Tiene tres divisiones distintas: Operaciones, Divisi\u00f3n de Investigaci\u00f3n y Formaci\u00f3n de la Divisi\u00f3n. Ver el organigrama de abajo para los detalles.<\/p>\n<div class=\"wp-block-image\">\n<figure class=\"aligncenter\"><img loading=\"lazy\" decoding=\"async\" width=\"400\" height=\"265\" src=\"https:\/\/www.cotari.org\/sp\/wp-content\/uploads\/2009\/07\/OrgChart.png\" alt=\"Organizational Chart\" class=\"wp-image-225\" srcset=\"https:\/\/www.cotari.org\/sp\/wp-content\/uploads\/2009\/07\/OrgChart.png 400w, https:\/\/www.cotari.org\/sp\/wp-content\/uploads\/2009\/07\/OrgChart-300x199.png 300w\" sizes=\"auto, (max-width: 400px) 100vw, 400px\" \/><\/figure>\n<\/div>\n<p><a title=\"getinvolved\" name=\"getinvolved\"><\/a><\/p>\n<h2>Involucrarse<\/h2>\n<p>\u00bfEst\u00e1 de acuerdo con nosotros en que esta es un \u00e1rea digna de seguir? Si es as\u00ed y le gustar\u00eda unirse a Cotari como personal o como director, por favor h\u00e1ganoslo saber enviando su direcci\u00f3n de correo electr\u00f3nico a nosotros en <a href=\"mailto:info@cotari.org\">info@cotari.org<\/a>. Si no ha podido unirse a Cotari en este punto en el tiempo, pero est\u00e1 dispuesto a apoyar financialmente a Cotari, por favor <a href=\"https:\/\/www.cotari.org\/sp\/donate\/\">donar<\/a>. En cualquier caso, por favor oren por el \u00e9xito de Cotari.<br \/>\n\u00bfYa se ha involucrado en las misiones cristianas? Explora nuestras ideas en nuestra <a href=\"https:\/\/www.cotari.org\/sp\/research\/\">investigaci\u00f3n<\/a> secci\u00f3n, incluyendo los proyectos ya realizados y los presentados para su publicaci\u00f3n o todav\u00eda en desarrollo. Luego <a href=\"http:\/\/www.cotari.org\/dialog\/\">de di\u00e1logo<\/a> con nosotros y discutir estas ideas. Compartir sus pensamientos y experiencias nos hace a todos m\u00e1s eficaz.<br \/>\n\u00bfEst\u00e1s de una fe que no sea el cristianismo? Te invitamos a <a href=\"http:\/\/www.cotari.org\/dialog\/\">di\u00e1logo<\/a> con nosotros. Desafiarnos. D\u00edganos lo que piensa sobre el cristianismo y su propia fe. Nos encantar\u00eda di\u00e1logo con usted y promover el entendimiento entre las diferentes religiones para que las personas de todas las creencias puedan vivir en paz.<\/p>\n<h2><a href=\"http:\/\/www.cotari.org\/wp\/?page_id=84\">Newsletters<\/a><\/h2>\n","protected":false},"excerpt":{"rendered":"<p>Visi\u00f3n \u201cInstituto de Alcance, Capacitaci\u00f3n e Investigaci\u00f3n Cristiano\u201d, Incorporado, de aqu\u00ed en adelante conocido como Cotari, es una organizaci\u00f3n sin fines de lucro, no sectaria, inter-denominacional, cristiano que proporciona formaci\u00f3n e investigaci\u00f3n afiliado en las \u00e1reas de evangelismo y misiones &hellip; <a href=\"https:\/\/www.cotari.org\/sp\/about\/\">Continue reading <span class=\"meta-nav\">&rarr;<\/span><\/a><\/p>\n","protected":false},"author":2,"featured_media":0,"parent":0,"menu_order":0,"comment_status":"open","ping_status":"open","template":"","meta":{"footnotes":""},"class_list":["post-626","page","type-page","status-publish","hentry"],"_links":{"self":[{"href":"https:\/\/www.cotari.org\/sp\/wp-json\/wp\/v2\/pages\/626","targetHints":{"allow":["GET"]}}],"collection":[{"href":"https:\/\/www.cotari.org\/sp\/wp-json\/wp\/v2\/pages"}],"about":[{"href":"https:\/\/www.cotari.org\/sp\/wp-json\/wp\/v2\/types\/page"}],"author":[{"embeddable":true,"href":"https:\/\/www.cotari.org\/sp\/wp-json\/wp\/v2\/users\/2"}],"replies":[{"embeddable":true,"href":"https:\/\/www.cotari.org\/sp\/wp-json\/wp\/v2\/comments?post=626"}],"version-history":[{"count":5,"href":"https:\/\/www.cotari.org\/sp\/wp-json\/wp\/v2\/pages\/626\/revisions"}],"predecessor-version":[{"id":708,"href":"https:\/\/www.cotari.org\/sp\/wp-json\/wp\/v2\/pages\/626\/revisions\/708"}],"wp:attachment":[{"href":"https:\/\/www.cotari.org\/sp\/wp-json\/wp\/v2\/media?parent=626"}],"curies":[{"name":"wp","href":"https:\/\/api.w.org\/{rel}","templated":true}]}}