{"id":332,"date":"2013-11-05T19:42:24","date_gmt":"2013-11-06T03:42:24","guid":{"rendered":"http:\/\/www.cotari.org\/wp\/?page_id=332"},"modified":"2020-07-27T10:35:56","modified_gmt":"2020-07-27T17:35:56","slug":"reach-out-to-muslims","status":"publish","type":"page","link":"https:\/\/www.cotari.org\/sp\/services-we-offer\/reach-out-to-muslims\/","title":{"rendered":"Alcanzar a los musulmanes"},"content":{"rendered":"<h1>C\u00f3mo usar el Cor\u00e1n para llegar a los musulmanes<\/h1>\n<p>Cuando o\u00edmos que los musulmanes son imposibles de evangelizar o que un misionero que ha trabajado en un pa\u00eds isl\u00e1mico durante 15 a\u00f1os convirti\u00f3 a s\u00f3lo 1 o 2 o ning\u00fan musulm\u00e1n a Cristo, a veces nos preguntamos si los cristianos est\u00e1n utilizando los m\u00e9todos adecuados para alcanzar a los musulmanes.\u00a0Jes\u00fas baj\u00f3 a Israel desde el cielo, pas\u00f3 s\u00f3lo tres a\u00f1os y medio para producir m\u00e1s de 200 disc\u00edpulos fieles, haciendo un impacto eterno que se tradujo dos mil a\u00f1os m\u00e1s tarde en m\u00e1s de 2 mil millones de cristianos.\u00a0\u00bfC\u00f3mo lo hizo?<\/p>\n<p>A veces nos preguntamos si podemos conversar con los musulmanes de una manera amorosa, para que se den cuenta de la verdad y llegar a creer en Jes\u00fas y la Biblia.\u00a0Por ejemplo, \u00bfqu\u00e9 pasar\u00eda si le decimos a los musulmanes, cuando apoyan los ataques suicidas y tratan de justificar otras actividades terroristas isl\u00e1micos, que el Cor\u00e1n les dice que la Jihad debe ser utilizado s\u00f3lo para servir a Dios y s\u00f3lo cuando est\u00e1n bajo ataque, y no debe exceder de los l\u00edmites establecidos por Dios seg\u00fan Cor\u00e1n 2: 190?\u00a0\u00bfQu\u00e9 pasar\u00eda si les conducen a leer Cor\u00e1n 2: 190 y tambi\u00e9n ayudarlos a encontrar que el Cor\u00e1n les dice que los musulmanes deber\u00edan leer la Biblia, como seg\u00fan Cor\u00e1n 2: 4?\u00a0\u00bfQu\u00e9 pasa con todos esos versos cor\u00e1nicos que describen la personalidad divina de Jes\u00fas en el Cor\u00e1n 3: 45-51?<\/p>\n<p>Este seminario examina el Cor\u00e1n con el uso de la hermen\u00e9utica (la ciencia de la interpretaci\u00f3n utilizado para la interpretaci\u00f3n de las escrituras y leyes) y explica lo que realmente dice el Cor\u00e1n, y describe nuestras conclusiones acerca de la manera en que Jes\u00fas Cristo habr\u00eda utilizado el Cor\u00e1n para alcanzar a los musulmanes, si tuviera la oportunidad de llegar a ellos en la actualidad. Al hacer esto, este seminario sigue el principio fundamental cristiana: la verdad en amor.\u00a0En ning\u00fan momento es la supremac\u00eda de Jesucristo olvidado, demostrado por su muerte redentora en la cruz y su resurrecci\u00f3n despu\u00e9s de la muerte que nos lleve a la vida victoriosa.\u00a0Sin embargo, queremos que los musulmanes dicen lo que quieran si es apoyada por el Cor\u00e1n.\u00a0El Islam ha estado usando un m\u00e9todo de interpretaci\u00f3n err\u00f3nea del Cor\u00e1n al igual que los cat\u00f3licos utilizaron un m\u00e9todo de interpretaci\u00f3n err\u00f3nea en el siglo 16 antes de la reforma. Algunos ejemplos de los resultados del uso de la iglesia cat\u00f3lica de los m\u00e9todos de interpretaci\u00f3n err\u00f3nea de la \u00e9poca eran la venta de indulgencias, la compra y venta de oficinas administrativas, la autoridad absoluta del Papa y el culto de Mar\u00eda, la Madre de Jes\u00fas.\u00a0Islam se est\u00e1 comportando hoy de una manera muy similar a como lo hicieron los cat\u00f3licos antes de la Reforma.<\/p>\n<p>Este seminario ofrece una manera de romper esta barrera, usando el Cor\u00e1n, as\u00ed como Jes\u00fas ense\u00f1\u00f3 a los antiguos israelitas utilizando el Antiguo Testamento.\u00a0Con el fin de llegar a ellos, no hay que criticar el Cor\u00e1n, su m\u00e1xima autoridad.\u00a0Criticar el Cor\u00e1n es como criticar a los padres de una persona a la que queremos entregar el Evangelio de Jesucristo.<\/p>\n<p>Primero vamos a describir nuestra motivaci\u00f3n para este trabajo antes de discutir sobre el Cor\u00e1n.\u00a0El p\u00fablico objetivo de este seminario incluye los cristianos, los musulmanes moderados y misioneros con destino a los pa\u00edses musulmanes.<\/p>\n<h2>La motivaci\u00f3n y La fundaci\u00f3n<\/h2>\n<p>Hemos observado dos cosas a medida que continuamos nuestra vida cristiana.\u00a0Una de ellas es que el cristianismo no ha penetrado en cualquiera de los pa\u00edses dominados por los as\u00ed llamados grandes religiones del mundo.\u00a0Esto es cierto no s\u00f3lo para los pa\u00edses isl\u00e1micos, pa\u00edses hind\u00faes, o pa\u00edses budistas en el sur de Asia Oriental, pero tambi\u00e9n es cierto en lugares como Jap\u00f3n o Taiw\u00e1n, donde no hay ninguna limitaci\u00f3n en lo que los misioneros cristianos se les permite hacer.\u00a0En todos estos pa\u00edses, la poblaci\u00f3n cristiana queda en un 2% o menos a pesar de muchos a\u00f1os de esfuerzos misioneros cristianos.\u00a0El historiador cristiano Kenneth S. Latourette confirm\u00f3 esta observaci\u00f3n.\u00a0Las clases modernas de la misionolog\u00eda nunca ense\u00f1an c\u00f3mo llegar a la gente de otras religiones.\u00a0Se ense\u00f1a acerca de las culturas, pero no ense\u00f1a c\u00f3mo llegar a los musulmanes, hind\u00faes, budistas, confucianos o humanistas.<\/p>\n<p>La segunda cosa que hemos observado es que las personas no est\u00e1n realmente siguiendo a Jesucristo.\u00a0El dijo: \u201cS\u00edgueme\u201d, doce veces a sus disc\u00edpulos, sin contar los versos duplicadas en Marcos y Lucas.\u00a0Nunca dijo, \u201cSigue solo mis palabras.\u201d Sin embargo, los cristianos s\u00f3lo tratan de seguir lo que \u00e9l dijo, pensando que es lo mismo que \u201cseguir a \u00e9l.\u201d Los cristianos prestan mucha menos atenci\u00f3n a c\u00f3mo viv\u00eda y c\u00f3mo se lleg\u00f3 a la gente alrededor de \u00e9l.\u00a0Jes\u00fas dijo claramente: \u201cS\u00edgueme\u201d no \u201cSigue mis palabras.\u201d \u00c9l quiere que imitan su vida, y sus m\u00e9todos de llegar a la gente alrededor de \u00e9l.\u00a0Seguirle a \u00e9l en todos los aspectos de su vida como \u00c9l orden\u00f3 es importante para nuestra vida cristiana.<\/p>\n<p>Una de las \u00e1reas donde ha faltado esta pr\u00e1ctica es en el \u00e1rea de trabajo de la misi\u00f3n cristiana.\u00a0Cada vez que Jes\u00fas estaba ense\u00f1ando a los antiguos israelitas, empezaba con el Antiguo Testamento.\u00a0El Antiguo Testamento era la m\u00e1xima autoridad que ellos conoc\u00edan.\u00a0Jes\u00fas pudo haberles ense\u00f1ado sin recurrir al Antiguo Testamento.\u00a0\u00bfPor qu\u00e9 entonces us\u00f3 Jes\u00fas el Antiguo Testamento?\u00a0Jes\u00fas estaba usando el Antiguo Testamento para que los israelitas pod\u00edan aceptar f\u00e1cilmente sus mensajes a trav\u00e9s de la autoridad que ellos conoc\u00edan.\u00a0Si Jes\u00fas no hubiera utilizado el Antiguo Testamento en absoluto y comenzaba con solo sus propias nuevas ense\u00f1anzas, \u00c9l habr\u00eda tenido que pasar un per\u00edodo mucho m\u00e1s largo.\u00a0Al observar los ejemplos de otros grandes hombres en el mundo, podr\u00eda haber tomado f\u00e1cilmente 20 a 40 a\u00f1os.\u00a0Sin embargo, mediante el uso del Antiguo Testamento como la base, Jes\u00fas fue capaz de terminar todo su ministerio en tres o cuatro a\u00f1os.\u00a0Jes\u00fas us\u00f3 el Antiguo Testamento como un trampol\u00edn para completar su ministerio de manera efectiva en un corto per\u00edodo de tiempo.\u00a0En las misiones cristianas, esto significa que debemos usar el Cor\u00e1n para llegar a los musulmanes, debemos utilizar las escrituras hind\u00faes para llegar a los hind\u00faes, debemos utilizar las escrituras budistas para llegar a los budistas, y debemos utilizar cl\u00e1sicos confucianos para llegar a los humanistas confucianos.<\/p>\n<p>Esto no quiere decir que la predicaci\u00f3n del Evangelio por s\u00ed sola es in\u00fatil.\u00a0Por el contrario, ha sido muy eficaz donde la gente no tiene una fuerte base religiosa o una cultura fuerte.\u00a0As\u00ed es como el cristianismo ha crecido hasta el estado actual.\u00a0Esto cubre Europa y Am\u00e9rica.\u00a0Sin embargo, este mismo m\u00e9todo ha demostrado ser impotente donde dominan otras religiones principales, como se se\u00f1al\u00f3 Kenneth S. Latourette.\u00a0Pueblos de otras religiones principales vieron los beneficios de sus propias religiones y formaron sus propias culturas sobre la base de estas religiones.\u00a0No tienen ninguna raz\u00f3n para aceptar el cristianismo a menos que est\u00e9n convencidos de manera diferente a trav\u00e9s de su m\u00e1s alta autoridad espiritual.\u00a0Esto est\u00e1 bien expresada por uno de los gur\u00fas de la India, que dijo que Inglaterra no hab\u00eda ense\u00f1ado nada nuevo espiritualmente la India, incluso despu\u00e9s de 300 a\u00f1os de gobernar la India.\u00a0Por lo tanto,\u00a0el m\u00e9todo de Jesucristo usando el Antiguo Testamento se convierte en crucial en la evangelizaci\u00f3n de los pueblos de otras religiones.\u00a0Debemos utilizar su propia autoridad espiritual como el Cor\u00e1n, las escrituras hind\u00faes o budistas para entregar el Evangelio a ellos.<\/p>\n<p>Entonces, \u00bfqu\u00e9 enfoque espec\u00edfico debemos tener hacia los pueblos de otras religiones a seguir el m\u00e9todo de nuestro Se\u00f1or Jes\u00fas?\u00a0Podemos elegir nuestro enfoque espec\u00edfico s\u00f3lo despu\u00e9s de entender una diferencia entre nosotros y Jesucristo.\u00a0Jesucristo conoc\u00eda el Antiguo Testamento mejor que nadie porque \u00c9l es el Hijo de Dios.\u00a0Por la misma raz\u00f3n, Jes\u00fas tambi\u00e9n conocer\u00eda las escrituras de otras religiones mejor que nadie, y \u00e9l usar\u00eda sus propias escrituras para llegar a los pueblos de otras religiones.\u00a0Sin embargo, nosotros s\u00f3lo somos seres humanos y no vamos a conocerlas a menos que estudiamos.\u00a0Debido a esta diferencia entre nosotros y Jes\u00fas, debemos estudiar el Cor\u00e1n para llegar a los musulmanes, deben estudiar los Vedas, Upanishads y el Bhagavad Gita para llegar a los hind\u00faes, debemos estudiar las escrituras budistas para llegar a los budistas, y debemos estudiar los cl\u00e1sicos confucianos para llegar a los humanistas confucianos.\u00a0Este enfoque tambi\u00e9n es compatible con el \u201carte de la guerra,\u201d chino que fue impartido por Sun Tzu.\u00a0El dijo: \u201cSi conoces al enemigo y te conoces, no tienes que temer el resultado de cien batallas.\u00a0Sin embargo, si conoces al enemigo, pero no te conoces, o conoces a s\u00ed mismo, pero no conoces al enemigo, podr\u00edas ser victorioso s\u00f3lo en cincuenta batallas de cada cien \u201c.<\/p>\n<p>Esta es la motivaci\u00f3n y la fundaci\u00f3n sobre por qu\u00e9 Cotari est\u00e1 llevando a cabo los proyectos de \u201cInterpretaci\u00f3n de las escrituras de otras religiones a trav\u00e9s de la Biblia.\u201d Como el primero de este tipo de proyectos, estamos llevando a cabo \u2018La interpretaci\u00f3n del Cor\u00e1n a trav\u00e9s de la Biblia\u2019 en la actualidad con la ayuda de tres consejeros: dos profesores del seminario jubilados y un profesor retirado de Estudios isl\u00e1micos.\u00a0Estamos utilizando una palabra por palabra (interlineal) traducci\u00f3n del Cor\u00e1n en \u00e1rabe con un an\u00e1lisis completo de cada palabra \u00e1rabe del Cor\u00e1n.\u00a0Tambi\u00e9n estamos utilizando el diccionario de \u00e1rabe para encontrar los distintos significados de las palabras \u00e1rabes utilizados en el Cor\u00e1n.\u00a0Adem\u00e1s estamos usando m\u00e1s de 10 libros de diferentes traducciones y comentarios de la literatura isl\u00e1mica y el Cor\u00e1n importante en ingl\u00e9s para apoyar este proyecto.\u00a0Sin embargo,\u00a0la metodolog\u00eda de interpretaci\u00f3n que usamos es la misma hermen\u00e9utica moderna utilizados en la interpretaci\u00f3n de la Biblia.\u00a0 Y lo m\u00e1s importante es que todas las interpretaciones se hacen desde la perspectiva de la Biblia.\u00a0Para ser justos, si el texto del Cor\u00e1n lo soporta, estamos tratando de dar lo mejor de cr\u00e9dito por el Cor\u00e1n de manera que la mejor del Islam puede ser comparado con la mejor del cristianismo m\u00e1s all\u00e1 de las denominaciones o sectas.<\/p>\n<h2>Los beneficios del Proyecto \u201cLa interpretaci\u00f3n del Cor\u00e1n a trav\u00e9s de la Biblia\u201d<\/h2>\n<p>El \u00e9xito de este proyecto proporcionar\u00eda grandes beneficios en varias \u00e1reas:<\/p>\n<ol>\n<li>El Cor\u00e1n se puede utilizar para abrir los corazones de los musulmanes a trav\u00e9s de este proyecto.\u00a0Esto no ha sido posible con muchas metodolog\u00edas de misi\u00f3n utilizados en el pasado.\u00a0La \u201cmisi\u00f3n puente\u201d tuvo cierto \u00e9xito local, pero no pod\u00eda penetrar la masa de los musulmanes.\u00a0Los \u201cmovimientos desde adentro\u201d o \u201cmisi\u00f3n C5\u201d ha tenido \u00e9xito hasta cierto punto, pero es criticado por el sincretismo.\u00a0Todas estas metodolog\u00edas utilizadas actualmente en el campo de la misi\u00f3n se derivan de los estudios culturales.\u00a0El m\u00e9todo de alcanzar a los musulmanes a trav\u00e9s del Cor\u00e1n es B\u00edblicamente derivada &#8211; el m\u00e9todo que Jesucristo habr\u00eda utilizado.\u00a0Este proyecto podr\u00eda aumentar el poder de la misi\u00f3n cristiana, y permitir a las conversiones de musulmanes en funci\u00f3n de su conciencia, no por la coerci\u00f3n.<\/li>\n<li>Este proyecto ayudar\u00eda a reformar el Islam.\u00a0El Islam es corrupto hasta la m\u00e9dula.\u00a0Por ejemplo, el Islam no practica lo que el texto del Cor\u00e1n dice.\u00a0Los l\u00edderes religiosos isl\u00e1micos ense\u00f1an lo que ellos piensan que el Cor\u00e1n dice.\u00a0<span style=\"color: #008000;\">Los musulmanes moderados no tienen un conocimiento profundo sobre el Cor\u00e1n y no pueden enfrentar las ense\u00f1anzas err\u00f3neas de los l\u00edderes religiosos isl\u00e1micos, porque ellos no entienden el Cor\u00e1n.\u00a0<\/span> Igual que la Iglesia Cat\u00f3lica necesitaba una reforma despu\u00e9s de catorce siglos de corrupci\u00f3n, el Islam tambi\u00e9n necesita una reforma para finalmente ser coherente con el texto del Cor\u00e1n.\u00a0En muchos sentidos, el Islam hoy en d\u00eda es muy similar a la Iglesia Cat\u00f3lica antes de la Reforma.\u00a0\u00bfPor qu\u00e9 entonces estamos preocupados por la corrupci\u00f3n del Islam?\u00a0En este mundo moderno, todos estamos interconectados, y la corrupci\u00f3n del Islam nos impacta de muchas maneras, incluyendo el terrorismo internacional. Un Islam reformado mejorar\u00eda mucho la comunicaci\u00f3n entre musulmanes y cristianos y har\u00eda m\u00e1s f\u00e1cil la evangelizaci\u00f3n cristiana.<\/li>\n<li>Este proyecto podr\u00eda suavizar o eliminar el potencial de conflicto armado entre los musulmanes radicales y cristianos en el futuro.\u00a0El conflicto armado con los musulmanes radicales es inevitable.\u00a0El objetivo de los musulmanes radicales es islamizar el mundo entero, y el cristianismo se encuentra en su camino.\u00a0M\u00e1s del 25% de la poblaci\u00f3n musulmana tiene simpat\u00eda hacia la ideolog\u00eda radical, y la mayor\u00eda de los l\u00edderes religiosos isl\u00e1micos tienden a ser radicales.\u00a0Comprensi\u00f3n adecuada del Cor\u00e1n se detendr\u00eda los musulmanes radicales de tomar medidas contrarias al Cor\u00e1n.<\/li>\n<li>Este proyecto ayudar\u00eda al di\u00e1logo entre el Islam y el cristianismo y ofrecer\u00eda oportunidades a mejorar creyentes en el Islam y el cristianismo por aprender acerca de la escritura de la otra religi\u00f3n.<\/li>\n<\/ol>\n<h2>Seminario del Cor\u00e1n<\/h2>\n<p>Cotari ha hecho suficiente investigaci\u00f3n sobre el Cor\u00e1n y el Islam y ha estado ofreciendo el Seminario Cor\u00e1n, titulado \u201cC\u00f3mo usar el Cor\u00e1n para alcanzar a los musulmanes\u201d desde 2015. Este seminario se ha dado siete veces: cuatro veces en los EE.UU. y tres veces en el extranjero, en Uganda, en Ruanda, y en Bangladesh.<br \/>\nEste seminario se puede proporcionar de dos maneras:<\/p>\n<ol>\n<li>20 semanas con una hora y media cada semana.\u00a0Esto puede ser una opci\u00f3n m\u00e1s adecuada para una iglesia.<\/li>\n<li>Dos semanas intensivo seminario de 09 a.m.-6 p.m., de lunes a viernes, con el fin de semana fuera.\u00a0Esto puede ser m\u00e1s conveniente para los misioneros en el extranjero, ya sea en su \u00e1rea local o en los EE.UU.<br \/>\nCuando el seminario se lleva a cabo en los EE.UU., alojamiento y comidas son proporcionadas por Cotari.\u00a0Los gastos de transporte tienen que ser pagados por los estudiantes.\u00a0Si un estudiante demuestra una gran necesidad de este seminario, pero no puede pagar los gastos de transporte desde su ubicaci\u00f3n en el lugar del seminario, Cotari podr\u00eda pagar los gastos de transporte en alg\u00fan caso especial.<\/li>\n<\/ol>\n<p>Este seminario incluye sesiones de pr\u00e1ctica del di\u00e1logo, con la simulaci\u00f3n de los di\u00e1logos de la vida real entre musulmanes y cristianos.<\/p>\n<p>No hay cobro para este seminario en este momento.\u00a0Sin embargo, si siente en su coraz\u00f3n el impulso de ayudar a la causa de Cotari, aceptar\u00edamos con mucho gusto cualquier donaci\u00f3n que usted podr\u00eda hacer para Cotari.<\/p>\n<h2>Contenido del Seminario<\/h2>\n<p>Este seminario cubre el siguiente contenido en m\u00e1s de 400 diapositivas:<br \/>\nSesi\u00f3n 1 &#8211; Introducci\u00f3n.\u00a0Prop\u00f3sito y el enfoque del seminario.\u00a0Es para ayudar a ambos, los musulmanes y los cristianos.\u00a0\u00bfPor qu\u00e9 deber\u00edan los musulmanes y los cristianos estudiar el Cor\u00e1n?\u00a0\u00bfCu\u00e1l es el enfoque adecuado para el estudio del Cor\u00e1n y la evangelizaci\u00f3n?<br \/>\nSesi\u00f3n 2 -Antecedentes.\u00a0\u00bfCu\u00e1l es el Cor\u00e1n y que es la Biblia, quienes eran Mahoma y Jes\u00fas, el entorno socio-religiosa Saudita del siglo s\u00e9ptimo.<br \/>\n** Para las sesiones del 3 al 13 que se ocupan de temas pol\u00e9micos entre el Islam y el cristianismo, cuatro puntos de vista diferentes se presentan de modo que los musulmanes y los cristianos podr\u00edan tener una comprensi\u00f3n adecuada y tomar una decisi\u00f3n correcta: el punto de vista cor\u00e1nico, la visi\u00f3n isl\u00e1mica, punto de vista de los cristianos, y puntos de vista seculares.\u00a0**<br \/>\nSesi\u00f3n 3 &#8211; \u00bfEnse\u00f1a la violencia el Cor\u00e1n?<br \/>\nSesi\u00f3n 4 &#8211; \u00bfEnse\u00f1a el Cor\u00e1n que el hombre nace sin pecado?<br \/>\nSesi\u00f3n 5 &#8211; \u00bfNiega el Cor\u00e1n la divinidad de Jesucristo?<br \/>\nSesi\u00f3n 6 &#8211; \u00bfNiega el Cor\u00e1n la Trinidad?<br \/>\nSesi\u00f3n 7 &#8211; \u00bfNiega el Cor\u00e1n la muerte de Jesucristo en la cruz?<br \/>\nSesi\u00f3n 8 &#8211; \u00bf Pone el Cor\u00e1n a Mahoma encima del Cor\u00e1n?<br \/>\nSesi\u00f3n 9 &#8211; \u00bfEnse\u00f1a el Cor\u00e1n que la Biblia fue alterado?<br \/>\nSesi\u00f3n 10 &#8211; \u00bfNiega el Cor\u00e1n la tolerancia religiosa?<br \/>\nSesi\u00f3n 11 &#8211; \u00bfEnse\u00f1a el Cor\u00e1n que Islam es la \u00fanica religi\u00f3n que Dios aprueba?<br \/>\nSesi\u00f3n 12 &#8211; \u00bfEnse\u00f1a el Cor\u00e1n que los hechos son m\u00e1s importantes que la fe?<br \/>\nSesi\u00f3n 13 &#8211; \u00bfQu\u00e9 dice el Cor\u00e1n sobre el lugar de la mujer?<br \/>\n****<br \/>\nSesi\u00f3n 14 &#8211; Escatolog\u00eda isl\u00e1mica<br \/>\nSesi\u00f3n 15 &#8211; Errores en el Cor\u00e1n y la Biblia<br \/>\nSesi\u00f3n 16 &#8211; \u00bfEs aplicable hoy la Ley Sharia?<br \/>\nSesi\u00f3n 17 &#8211; M\u00e9todos de interpretaci\u00f3n tradicional deel Qur&#8217;an<br \/>\nSesi\u00f3n 18 &#8211; Tradiciones isl\u00e1micas: el Hadith y el Sirat (biograf\u00edas de Muhammad)<br \/>\nSesi\u00f3n 19 &#8211; El Evangelio de Bernab\u00e9<br \/>\nSesi\u00f3n 20 &#8211; Sectas isl\u00e1micas, movimientos y Reforma Isl\u00e1mica<\/p>\n<p>A medida que llevamos a cabo este proyecto, nos hemos dado cuenta de que el Cor\u00e1n es mal entendido por casi todos.\u00a0Casi todos los cristianos entienden mal el Cor\u00e1n.\u00a0Lo que m\u00e1s soprende es que muchos musulmanes tampoco entienden el Cor\u00e1n, al igual que los cat\u00f3licos en el siglo XV no entendieron la Biblia.\u00a0Es importante que los cristianos entienden el Cor\u00e1n para que puedan decir la verdad en el amor a los musulmanes y guiarlos por el camino correcto.\u00a0Es importante que los musulmanes moderados entienden el Cor\u00e1n para que puedan tomar la posici\u00f3n correcta contra las ense\u00f1anzas err\u00f3neas que puedan recibir de los musulmanes radicales.\u00a0Es importante que los misioneros cristianos entienden el Cor\u00e1n para poder guiar a los musulmanes a la senda de la salvaci\u00f3n, tal como lo hizo Jes\u00fas para los antiguos israelitas.\u00a0Es importante que los cristianos igual como los musulmanes entiendan el Cor\u00e1n, porque puede ser la \u00fanica manera de evitar o suavizar el conflicto futuro armado entre musulmanes y cristianos.<\/p>\n<p>Las respuestas a las sesiones de 3 a 13 son definitivamente NO.\u00a0Todos estos elementos pueden ser utilizados positivamente para alcanzar a los musulmanes con el entendimiento adecuado del Cor\u00e1n.\u00a0Tambi\u00e9n ayudar\u00eda a los musulmanes a comprender verdaderamente el Cor\u00e1n y la reforma del Islam.<\/p>\n<h2>Las grabaciones de v\u00eddeo del Seminario<\/h2>\n<p>Informales\u00a0grabaciones de v\u00eddeo\u00a0del seminario 2018 est\u00e1n disponibles para la <a href=\"\/video\/Week1.mp4\" target=\"_blank\" rel=\"noopener noreferrer\">semana 1<\/a>, <a href=\"\/video\/Week2.mp4\" target=\"_blank\" rel=\"noopener noreferrer\">semana 2<\/a>, <a href=\"\/video\/Week3.mp4\" target=\"_blank\" rel=\"noopener noreferrer\">semana 3<\/a>, and <a href=\"\/video\/Week4.mp4\" target=\"_blank\" rel=\"noopener noreferrer\">semana 4<\/a>.<\/p>\n<h2>Para Pastores y Congregaciones<\/h2>\n<p>Si se requiere una presentaci\u00f3n de vista previa para los pastores, las diapositivas de PowerPoint preparadas ser\u00e1n utilizados como son, y discusi\u00f3n m\u00e1s detallada ser\u00e1 proporcionada en la motivaci\u00f3n y antecedentes.\u00a0Para un seminario de uno a dos horas, un resumen de Sesiones 1, 2, y 20 ser\u00e1n presentados dentro del tiempo permitido.\u00a0Si hay m\u00e1s tiempo, se puede discutir m\u00e1s cosas.<\/p>\n","protected":false},"excerpt":{"rendered":"<p>C\u00f3mo usar el Cor\u00e1n para llegar a los musulmanes Cuando o\u00edmos que los musulmanes son imposibles de evangelizar o que un misionero que ha trabajado en un pa\u00eds isl\u00e1mico durante 15 a\u00f1os convirti\u00f3 a s\u00f3lo 1 o 2 o ning\u00fan &hellip; <a href=\"https:\/\/www.cotari.org\/sp\/services-we-offer\/reach-out-to-muslims\/\">Continue reading <span class=\"meta-nav\">&rarr;<\/span><\/a><\/p>\n","protected":false},"author":2,"featured_media":0,"parent":335,"menu_order":0,"comment_status":"open","ping_status":"open","template":"","meta":{"footnotes":""},"class_list":["post-332","page","type-page","status-publish","hentry"],"_links":{"self":[{"href":"https:\/\/www.cotari.org\/sp\/wp-json\/wp\/v2\/pages\/332","targetHints":{"allow":["GET"]}}],"collection":[{"href":"https:\/\/www.cotari.org\/sp\/wp-json\/wp\/v2\/pages"}],"about":[{"href":"https:\/\/www.cotari.org\/sp\/wp-json\/wp\/v2\/types\/page"}],"author":[{"embeddable":true,"href":"https:\/\/www.cotari.org\/sp\/wp-json\/wp\/v2\/users\/2"}],"replies":[{"embeddable":true,"href":"https:\/\/www.cotari.org\/sp\/wp-json\/wp\/v2\/comments?post=332"}],"version-history":[{"count":4,"href":"https:\/\/www.cotari.org\/sp\/wp-json\/wp\/v2\/pages\/332\/revisions"}],"predecessor-version":[{"id":794,"href":"https:\/\/www.cotari.org\/sp\/wp-json\/wp\/v2\/pages\/332\/revisions\/794"}],"up":[{"embeddable":true,"href":"https:\/\/www.cotari.org\/sp\/wp-json\/wp\/v2\/pages\/335"}],"wp:attachment":[{"href":"https:\/\/www.cotari.org\/sp\/wp-json\/wp\/v2\/media?parent=332"}],"curies":[{"name":"wp","href":"https:\/\/api.w.org\/{rel}","templated":true}]}}