{"id":132,"date":"2012-06-20T15:18:26","date_gmt":"2012-06-20T22:18:26","guid":{"rendered":"http:\/\/www.cotari.org\/wp\/?page_id=132"},"modified":"2020-02-22T11:23:02","modified_gmt":"2020-02-22T19:23:02","slug":"prayer-outreach","status":"publish","type":"page","link":"https:\/\/www.cotari.org\/sp\/services-we-offer\/prayer-outreach\/","title":{"rendered":"Nuestro Ministerio de Oraci\u00f3n"},"content":{"rendered":"<p>Estamos ofreciendo el servicio de nuestras oraciones a cualquiera que desee recibir los beneficios de las oraciones sinceras. Esto podr\u00eda ser para la curaci\u00f3n f\u00edsica, la restauraci\u00f3n de la relaci\u00f3n o la paz en su coraz\u00f3n. En muchas situaciones cuando oramos en el pasado, vimos que ocurrieron sanidades. Creemos que el Se\u00f1or puede sanar a las personas f\u00edsicamente, sanar las relaciones rotas y traer paz a las personas. Nuestro servicio de oraci\u00f3n no se limita a los cristianos, sino que se extiende a todos los hijos de Dios. Queremos ofrecer este servicio a las personas que sufren para que el Se\u00f1or pueda demostrar que est\u00e1 vivo y se preocupa por su pueblo incluso hoy.<\/p>\n<p>Contacto de Ministerio de Oraci\u00f3n: env\u00ede un correo electr\u00f3nico a <a href=\"mailto:Paul@cotari.org\">Paul@cotari.org<\/a>con su solicitud e informaci\u00f3n del contacto.<\/p>\n","protected":false},"excerpt":{"rendered":"<p>Estamos ofreciendo el servicio de nuestras oraciones a cualquiera que desee recibir los beneficios de las oraciones sinceras. Esto podr\u00eda ser para la curaci\u00f3n f\u00edsica, la restauraci\u00f3n de la relaci\u00f3n o la paz en su coraz\u00f3n. En muchas situaciones cuando &hellip; <a href=\"https:\/\/www.cotari.org\/sp\/services-we-offer\/prayer-outreach\/\">Continue reading <span class=\"meta-nav\">&rarr;<\/span><\/a><\/p>\n","protected":false},"author":2,"featured_media":0,"parent":335,"menu_order":0,"comment_status":"open","ping_status":"open","template":"","meta":{"footnotes":""},"class_list":["post-132","page","type-page","status-publish","hentry"],"_links":{"self":[{"href":"https:\/\/www.cotari.org\/sp\/wp-json\/wp\/v2\/pages\/132","targetHints":{"allow":["GET"]}}],"collection":[{"href":"https:\/\/www.cotari.org\/sp\/wp-json\/wp\/v2\/pages"}],"about":[{"href":"https:\/\/www.cotari.org\/sp\/wp-json\/wp\/v2\/types\/page"}],"author":[{"embeddable":true,"href":"https:\/\/www.cotari.org\/sp\/wp-json\/wp\/v2\/users\/2"}],"replies":[{"embeddable":true,"href":"https:\/\/www.cotari.org\/sp\/wp-json\/wp\/v2\/comments?post=132"}],"version-history":[{"count":1,"href":"https:\/\/www.cotari.org\/sp\/wp-json\/wp\/v2\/pages\/132\/revisions"}],"predecessor-version":[{"id":711,"href":"https:\/\/www.cotari.org\/sp\/wp-json\/wp\/v2\/pages\/132\/revisions\/711"}],"up":[{"embeddable":true,"href":"https:\/\/www.cotari.org\/sp\/wp-json\/wp\/v2\/pages\/335"}],"wp:attachment":[{"href":"https:\/\/www.cotari.org\/sp\/wp-json\/wp\/v2\/media?parent=132"}],"curies":[{"name":"wp","href":"https:\/\/api.w.org\/{rel}","templated":true}]}}