{"id":130,"date":"2012-06-20T15:16:58","date_gmt":"2012-06-20T22:16:58","guid":{"rendered":"http:\/\/www.cotari.org\/wp\/?page_id=130"},"modified":"2020-02-21T15:11:39","modified_gmt":"2020-02-21T23:11:39","slug":"founder","status":"publish","type":"page","link":"https:\/\/www.cotari.org\/sp\/about\/founder\/","title":{"rendered":"Fundador"},"content":{"rendered":"<p>&#8220;Frank&#8221; Hwang Choe&nbsp;<img loading=\"lazy\" decoding=\"async\" class=\"alignright\" src=\"http:\/\/www.cotari.org\/images\/HwangChoe.jpg\" alt=\"Hwang Choe photo\" width=\"250\" height=\"225\"><br \/>\nDr. Choe tiene doctorado en ingenier\u00eda y trabaj\u00f3 como ingeniero durante muchos a\u00f1os en una de las mayores empresas industriales del mundo.&nbsp;Mientras trabajaba, fue llamado a ser cristiano en 1990 (ver \u201cC\u00f3mo me Convert\u00ed en Cristiano\u201d a continuaci\u00f3n para m\u00e1s detalles) y siete a\u00f1os m\u00e1s tarde recibi\u00f3 su misi\u00f3n de vida para compartir el Evangelio con los pueblos de otras religiones (lee \u201cC\u00f3mo Recib\u00ed mi Llamado personal\u201d a continuaci\u00f3n para m\u00e1s detalles).&nbsp;Tiene una Maestr\u00eda en Divinidad, y es un ministro ordenado.&nbsp;\u00c9l tiene varias experiencias ministeriales incluyendo varias misiones a corto plazo a China, \u00c1frica, Filipinas y M\u00e9xico.<\/p>\n<p><a href=\"\/founder\/ConversionTestimonySpanish.pdf\">C\u00f3mo me Convert\u00ed en Christiano<\/a><br \/>\n<a href=\"\/founder\/CallingTestimony.pdf\">C\u00f3mo He Recibido mi Llamado Personal<\/a><\/p>\n","protected":false},"excerpt":{"rendered":"<p>&#8220;Frank&#8221; Hwang Choe&nbsp; Dr. Choe tiene doctorado en ingenier\u00eda y trabaj\u00f3 como ingeniero durante muchos a\u00f1os en una de las mayores empresas industriales del mundo.&nbsp;Mientras trabajaba, fue llamado a ser cristiano en 1990 (ver \u201cC\u00f3mo me Convert\u00ed en Cristiano\u201d a &hellip; <a href=\"https:\/\/www.cotari.org\/sp\/about\/founder\/\">Continue reading <span class=\"meta-nav\">&rarr;<\/span><\/a><\/p>\n","protected":false},"author":2,"featured_media":0,"parent":626,"menu_order":0,"comment_status":"open","ping_status":"open","template":"","meta":{"footnotes":""},"class_list":["post-130","page","type-page","status-publish","hentry"],"_links":{"self":[{"href":"https:\/\/www.cotari.org\/sp\/wp-json\/wp\/v2\/pages\/130","targetHints":{"allow":["GET"]}}],"collection":[{"href":"https:\/\/www.cotari.org\/sp\/wp-json\/wp\/v2\/pages"}],"about":[{"href":"https:\/\/www.cotari.org\/sp\/wp-json\/wp\/v2\/types\/page"}],"author":[{"embeddable":true,"href":"https:\/\/www.cotari.org\/sp\/wp-json\/wp\/v2\/users\/2"}],"replies":[{"embeddable":true,"href":"https:\/\/www.cotari.org\/sp\/wp-json\/wp\/v2\/comments?post=130"}],"version-history":[{"count":3,"href":"https:\/\/www.cotari.org\/sp\/wp-json\/wp\/v2\/pages\/130\/revisions"}],"predecessor-version":[{"id":699,"href":"https:\/\/www.cotari.org\/sp\/wp-json\/wp\/v2\/pages\/130\/revisions\/699"}],"up":[{"embeddable":true,"href":"https:\/\/www.cotari.org\/sp\/wp-json\/wp\/v2\/pages\/626"}],"wp:attachment":[{"href":"https:\/\/www.cotari.org\/sp\/wp-json\/wp\/v2\/media?parent=130"}],"curies":[{"name":"wp","href":"https:\/\/api.w.org\/{rel}","templated":true}]}}