{"id":110,"date":"2012-06-20T14:34:07","date_gmt":"2012-06-20T21:34:07","guid":{"rendered":"http:\/\/www.cotari.org\/wp\/?page_id=110"},"modified":"2020-07-27T10:02:02","modified_gmt":"2020-07-27T17:02:02","slug":"evangelism-training","status":"publish","type":"page","link":"https:\/\/www.cotari.org\/sp\/evangelism-training\/","title":{"rendered":"Servicios que Ofrecemos"},"content":{"rendered":"<h2><a href=\"\/sp\/services-we-offer\/prayer-outreach\/\">Nuestro Ministerio de Oraci\u00f3n<\/a><\/h2>\n<p>Estamos ofreciendo el servicio de nuestras oraciones a cualquiera que desee recibir los beneficios de las oraciones sinceras. <a href=\"\/sp\/services-we-offer\/prayer-outreach\/\">&#8230; more<\/a><br \/>\n<a title=\"missiontraining\" name=\"missiontraining\"><\/a><\/p>\n<h2>Entrenamiento Misionero<\/h2>\n<p>Para los misioneros a largo plazo destinados a pa\u00edses isl\u00e1micos, pa\u00edses hind\u00faes, pa\u00edses budistas o pa\u00edses gobernados por filosof\u00edas chinas antiguas como el confucianismo o el tao\u00edsmo, ahora se est\u00e1n realizando investigaciones para preparar libros de texto apropiados para misioneros destinados a PILGRIMS <u>P<\/u>eoples <u>I<\/u>dentically <u>L<\/u>oved by <u>G<\/u>od &amp; to be&nbsp;<u>R<\/u>eclaimed&nbsp;<u>I<\/u>n&nbsp;<u>M<\/u>ercy (Personas igualmente amados por Dios que deben ser reclamados en Misericordia). A medida que estos libros de texto est\u00e9n disponibles, se proporcionar\u00e1n clases de capacitaci\u00f3n para estos misioneros a largo plazo.<\/p>\n<h2><a href=\"\/sp\/services-we-offer\/reach-out-to-muslims\/\">C\u00f3mo usar el Cor\u00e1n para llegar a los musulmanes<\/a><\/h2>\n<p>Cuando o\u00edmos que los musulmanes son imposibles de evangelizar o que un misionero que ha trabajado en un pa\u00eds isl\u00e1mico durante 15 a\u00f1os convirti\u00f3 a s\u00f3lo 1 o 2 o ning\u00fan musulm\u00e1n a Cristo, a veces nos preguntamos si los cristianos est\u00e1n utilizando los m\u00e9todos adecuados para alcanzar a los musulmanes. <a href=\"\/sp\/services-we-offer\/reach-out-to-muslims\/\">&#8230; more<\/a><\/p>\n<h2>Entrenamiento de evangelismo<\/h2>\n<p>Una encuesta realizada por Pew Research (Pew Investigaci\u00f3n\u2026una compa\u00f1\u00eda que investiga estad\u00edsticas) muestra que las iglesias que evangelizan crecen mientras que las iglesias que ignoran evangelismo desaparecen poco a poco.&nbsp;\u00bfCu\u00e1ndo fue la \u00faltima vez que su iglesia proporcion\u00f3 formaci\u00f3n evangelismo a su congregaci\u00f3n?&nbsp;Si su iglesia u organizaci\u00f3n de misiones no tiene los recursos o el personal para capacitar a su congregaci\u00f3n o los miembros de su organizaci\u00f3n, h\u00e1ganoslo saber.&nbsp;Cotari estar\u00e1 encantado de ofrecer formaci\u00f3n pr\u00e1ctica de Evangelismo para satisfacer sus necesidades, ya sea para un grupo de misi\u00f3n a corto plazo o para una clase de discipulado en la iglesia.<img loading=\"lazy\" decoding=\"async\" src=\"http:\/\/www.cotari.org\/images\/Training490.png\" alt=\"training photo\" width=\"490\" height=\"240\" align=\"center\" hspace=\"10\" vspace=\"20\"><br \/>\n<a title=\"practicalguide\" name=\"practicalguide\"><\/a><\/p>\n<h2>Gu\u00eda pr\u00e1ctica para la Evangelizaci\u00f3n<\/h2>\n<p>Este curso est\u00e1 dise\u00f1ado como el \u00faltimo paso de un entrenamiento de discipulado iglesia.&nbsp;Cada una de las opciones a continuaci\u00f3n incluye una sesi\u00f3n de evangelismo pr\u00e1ctica programado por separado en la comunidad.&nbsp;El horario de presentaci\u00f3n e intensidad pueden ajustarse para satisfacer las necesidades del grupo de la iglesia o misi\u00f3n:<\/p>\n<ol>\n<li>Doce semanas, con una clase de 2 horas a la semana (dise\u00f1o original)<\/li>\n<li>Cuatro semanas, con una clase de 4 horas por semana (intermedio intensivo)<\/li>\n<li>Una semana, con una clase de 8 horas el s\u00e1bado y una clase de 4 horas el viernes o el domingo (m\u00e1s intenso)<\/li>\n<\/ol>\n<p>No se requiere el pago de este seminario.&nbsp;Sin embargo, si su coraz\u00f3n est\u00e1 tan inclinado a ayudar a la causa de Cotari, aceptar\u00edamos de mucho gusto una donaci\u00f3n a Cotari.<\/p>\n<table cellspacing=\"0\" cellpadding=\"0\">\n<tbody>\n<tr>\n<td width=\"12%\">Sesi\u00f3n 1:<\/td>\n<td width=\"13%\">Introducci\u00f3n<\/td>\n<td width=\"75%\">El alcance y prop\u00f3sito de la clase se explica junto con los estudiantes destinados para esta clase.&nbsp;Esta clase no es para los cristianos principiantes, sino debe ser el paso final de una clase de discipulado.&nbsp;Se introduce una amplia gama de m\u00e9todos de evangelismo utilizados en la Biblia y en la historia de la iglesia.&nbsp;Tambi\u00e9n hace hincapi\u00e9 en que el evangelismo es <b>una comisi\u00f3n, no un don<\/b>. Esto es error muy com\u00fan.&nbsp;El patr\u00f3n de crecimiento cristiano de la poblaci\u00f3n se analiza para enfatizar la necesidad de la evangelizaci\u00f3n de todos los cristianos.&nbsp;El prop\u00f3sito de la clase es para producir disc\u00edpulos que hacen disc\u00edpulos, el \u00faltimo paso en el entrenamiento de discipulado.<\/td>\n<\/tr>\n<tr>\n<td>Sesi\u00f3n 2:<\/td>\n<td>Antiguo Testamento<\/td>\n<td>Se proporciona una revisi\u00f3n completa del Antiguo Testamento con respecto a la evangelizaci\u00f3n y la misi\u00f3n.&nbsp;Cubre el Pentateuco que revela la promesa de bendici\u00f3n para todas las familias en el principio de la historia y tambi\u00e9n ense\u00f1a que las palabras de Dios purifica nuestras culturas.&nbsp;Tambi\u00e9n cubre c\u00f3mo esto se trata en la historia de Israel. Conduce entonces a los profetas que revelan la profec\u00eda mesi\u00e1nica, que no s\u00f3lo cuenta la venida de Jesucristo, sino que tambi\u00e9n muestra la extensi\u00f3n de la evangelizaci\u00f3n a todas las naciones del mundo. Finalmente ense\u00f1a el Esp\u00edritu de la evangelizaci\u00f3n y la misi\u00f3n contenida en los libros de Jon\u00e1s y Oseas.<\/td>\n<\/tr>\n<tr>\n<td>Sesi\u00f3n 3:<\/td>\n<td>Nuevo Testamento<\/td>\n<td>Se proporciona una revisi\u00f3n completa del Nuevo Testamento con respecto a la evangelizaci\u00f3n y la misi\u00f3n.&nbsp;La primera parte describe las principales ense\u00f1anzas de Jesucristo, seguida de la segunda parte que contiene las principales ense\u00f1anzas del ap\u00f3stol Pablo.&nbsp;Las ense\u00f1anzas de Jesucristo y el Ap\u00f3stol Pablo se resumen y se analizan sus aplicaciones.<\/td>\n<\/tr>\n<tr>\n<td>Sesi\u00f3n 4:<\/td>\n<td>Factores que impiden Evangelismo<\/td>\n<td>Describe los principales factores que impiden la evangelizaci\u00f3n: el miedo, letargo, falta de conocimiento y capacitaci\u00f3n, y otros conceptos err\u00f3neos.&nbsp;Para cada uno de estos factores, se proporcionan discusiones con respecto a la manera de superar estas barreras para el evangelismo.&nbsp;La mayor\u00eda de los cristianos no hacen evangelismo debido a estas barreras y la echan la culpa a que no tienen el \u201cdon\u201d de la evangelizaci\u00f3n.<\/td>\n<\/tr>\n<tr>\n<td>Sesi\u00f3n 5:<\/td>\n<td>Evangelismo Andrew<\/td>\n<td>Describe lo que es Andrew evangelismo, c\u00f3mo se practica, y qui\u00e9n lo practica.&nbsp;Tambi\u00e9n se analiza por qu\u00e9 y cuando Andrew evangelismo es \u00fatil.&nbsp;Este es el m\u00e9todo m\u00e1s simple dengelismo.&nbsp;La historia de la Operaci\u00f3n Andr\u00e9s por Asociaci\u00f3n Evangel\u00edstica Billy Graham.&nbsp;La historia de Dwight L. Moody.&nbsp;Salvar un alma es importante.<\/td>\n<\/tr>\n<tr>\n<td>Sesi\u00f3n 6:<\/td>\n<td>Evangelismo de la papa<\/td>\n<td>Describe lo que es la evangelizaci\u00f3n de papa que fue desarrollado por un di\u00e1cono de Corea del Sur, que llev\u00f3 m\u00e1s de dos mil personas a su iglesia en menos de dos a\u00f1os, incluyendo a las personas inveros\u00edmiles tales como un adivino.&nbsp;Se discute c\u00f3mo este m\u00e9todo podr\u00eda aplicarse a diversas situaciones, incluyendo un encuentro con un musulm\u00e1n.<\/td>\n<\/tr>\n<tr>\n<td>Sesi\u00f3n 7:<\/td>\n<td>Caracter\u00edsticas comunes de los m\u00e9todos tradicionales de evangelismo y cuatro leyes espirituales<\/td>\n<td>Los m\u00e9todos tradicionales de evangelismo se discuten en esta sesi\u00f3n, que incluye Cuatro Leyes Espirituales, Evangelismo Explosivo, y otros m\u00e9todos (la misi\u00f3n Testigo de Cristo, V\u00eda Romana, Camino de Juan, etc).&nbsp;Las caracter\u00edsticas comunes de estos m\u00e9todos tradicionales de evangelismo se discuten incluyendo: diagn\u00f3stico de los que van a ser evangelizadas, la oraci\u00f3n de aceptaci\u00f3n (necesita memorizaci\u00f3n), c\u00f3mo manejar las objeciones, c\u00f3mo dirigir a los convertidos despu\u00e9s de haber recibido a Jesucristo, etc. Tambi\u00e9n se discute en donde estos m\u00e9todos de trabajan bien y donde no. A continuaci\u00f3n se presentan los Cuatro Leyes Espirituales que deben ser memorizados por los estudiantes.<\/td>\n<\/tr>\n<tr>\n<td>Sesi\u00f3n 8:<\/td>\n<td>Evangelismo Explosivo y otros m\u00e9todos tradicionales Evangelismo<\/td>\n<td>Presenta los antecedentes y los elementos principales de Evangelismo Explosivo.&nbsp;Se requiere memorizar las leyes b\u00e1sicas de Evangelismo Explosivo.&nbsp;A continuaci\u00f3n, se habla  de la presentaci\u00f3n cierre y la atenci\u00f3n posterior de Evangelismo Explosivo. Discusiones similares se presenten sobre la misi\u00f3n Testigo de Cristo, V\u00eda Romana, y Camino de Juan.<\/td>\n<\/tr>\n<tr>\n<td>Sesi\u00f3n 9:<\/td>\n<td>Pr\u00e1cticas de varios m\u00e9todos Evangelismo<\/td>\n<td>Para asegurar que los estudiantes tengan tiempo suficiente de pr\u00e1ctica, se demuestra la pr\u00e1ctica de diversos m\u00e9todos en la clase. Las pr\u00e1cticas se pueden continuar en paralelo con la clase, o de forma independiente, pueden formar un grupo para que se re\u00fanan regularmente para practicar estos m\u00e9todos de evangelismo y hacer que estos m\u00e9todos se convierten en una parte de su vida.<\/td>\n<\/tr>\n<tr>\n<td>Sesi\u00f3n 10:<\/td>\n<td>Factores que ayuda al Evangelismo<\/td>\n<td>A continuaci\u00f3n, se analizan todos los factores principales que ayuda al evangelismo: amistad, dificultades de la vida, lo que lleva una vida santificada, y el papel del pastor en la iglesia.  Esto proporciona una comprensi\u00f3n m\u00e1s profunda de los diversos m\u00e9todos de evangelizaci\u00f3n, y prepara a los estudiantes para&nbsp;oikos&nbsp;evangelismo.&nbsp;Tambi\u00e9n se hace hincapi\u00e9 en que ning\u00fan crecimiento de la iglesia es posible sin el evangelismo.<\/td>\n<\/tr>\n<tr>\n<td>Sesi\u00f3n 11:<\/td>\n<td>&nbsp;Evangelismo <em>Oikos<\/em><\/td>\n<td>Proporciona que&nbsp; evangelismo <i>oikos<\/i>&nbsp; era poderoso en la iglesia primitiva, pero que no funciona en los tiempos modernos.&nbsp;Se desarrolla la definici\u00f3n de nuevos&nbsp;<i>oikos<\/i>&nbsp;y nueva m\u00e9todo&nbsp;<i>oikos<\/i>&nbsp;de evangelismo, y discute c\u00f3mo se puede aplicar&nbsp;&nbsp;evangelismo <i>oikos<\/i> a parientes cercanos y amigos que han sido resistentes al Evangelio y a la Iglesia.<\/td>\n<\/tr>\n<tr>\n<td>Sesi\u00f3n 12:<\/td>\n<td>Plan de Evangelismo Personal<\/td>\n<td>Presenta c\u00f3mo establecer metas y planes para el evangelismo personal para cada estudiante participante.&nbsp;Todos, incluyendo a todos los pastores y misioneros deben practicar el evangelismo personal.&nbsp;La predicaci\u00f3n o tener una cruzada no elimina la carga de evangelismo personal como una forma de cumplimiento de la Gran Comisi\u00f3n.&nbsp;La discusi\u00f3n entre estudiantes el plan de evangelismo personal y meta en la clase.&nbsp;Revisi\u00f3n de todo el curso.<\/td>\n<\/tr>\n<\/tbody>\n<\/table>\n<h2><a href=\"https:\/\/www.cotari.org\/sp\/contact\/\">Contacto<\/a><\/h2>\n","protected":false},"excerpt":{"rendered":"<p>Nuestro Ministerio de Oraci\u00f3n Estamos ofreciendo el servicio de nuestras oraciones a cualquiera que desee recibir los beneficios de las oraciones sinceras. &#8230; more Entrenamiento Misionero Para los misioneros a largo plazo destinados a pa\u00edses isl\u00e1micos, pa\u00edses hind\u00faes, pa\u00edses budistas &hellip; <a href=\"https:\/\/www.cotari.org\/sp\/evangelism-training\/\">Continue reading <span class=\"meta-nav\">&rarr;<\/span><\/a><\/p>\n","protected":false},"author":2,"featured_media":0,"parent":0,"menu_order":0,"comment_status":"open","ping_status":"open","template":"","meta":{"footnotes":""},"class_list":["post-110","page","type-page","status-publish","hentry"],"_links":{"self":[{"href":"https:\/\/www.cotari.org\/sp\/wp-json\/wp\/v2\/pages\/110","targetHints":{"allow":["GET"]}}],"collection":[{"href":"https:\/\/www.cotari.org\/sp\/wp-json\/wp\/v2\/pages"}],"about":[{"href":"https:\/\/www.cotari.org\/sp\/wp-json\/wp\/v2\/types\/page"}],"author":[{"embeddable":true,"href":"https:\/\/www.cotari.org\/sp\/wp-json\/wp\/v2\/users\/2"}],"replies":[{"embeddable":true,"href":"https:\/\/www.cotari.org\/sp\/wp-json\/wp\/v2\/comments?post=110"}],"version-history":[{"count":5,"href":"https:\/\/www.cotari.org\/sp\/wp-json\/wp\/v2\/pages\/110\/revisions"}],"predecessor-version":[{"id":787,"href":"https:\/\/www.cotari.org\/sp\/wp-json\/wp\/v2\/pages\/110\/revisions\/787"}],"wp:attachment":[{"href":"https:\/\/www.cotari.org\/sp\/wp-json\/wp\/v2\/media?parent=110"}],"curies":[{"name":"wp","href":"https:\/\/api.w.org\/{rel}","templated":true}]}}